{"id":201,"date":"2016-03-19T21:15:12","date_gmt":"2016-03-19T20:15:12","guid":{"rendered":"https:\/\/ispravi.me\/hascheck\/?page_id=201"},"modified":"2024-06-13T20:57:06","modified_gmt":"2024-06-13T19:57:06","slug":"publikacije","status":"publish","type":"page","link":"https:\/\/ispravi.me\/info\/autori\/publikacije\/","title":{"rendered":"Publikacije"},"content":{"rendered":"<p>Tijekom rada na Ha\u0161eku, autori su objavili ve\u0107i broj znanstvenih i stru\u010dnih radova:<\/p>\n<ol>\n<li>Gledec, Gordan; Sokele, Mladen; Horvat, Marko; Mikuc, Miljenko. <a href=\"https:\/\/www.mdpi.com\/2073-431X\/13\/2\/39\">Error Pattern Discovery in Spellchecking Using Multi-Class Confusion Matrix Analysis for the Croatian Language<\/a> \/\/ Computers (Basel), 13 (2024), 2; 39, 23. doi: 10.3390\/computers13020039<\/li>\n<li>Gledec, Gordan ; Horvat, Marko ; Mikuc, Miljenko ; Bla\u0161kovi\u0107, Bruno. <a href=\"https:\/\/www.mdpi.com\/2306-5729\/8\/5\/89\">A Comprehensive Dataset of Spelling Errors and Users\u2019 Corrections in Croatian Language<\/a> \/\/ Data, 8 (2023), 5; 89, 11. doi: 10.3390\/data8050089<\/li>\n<li>Dembitz, \u0160andor.<a href=\"https:\/\/hrcak.srce.hr\/file\/345240\"> 25 godina Ha\u0161eka<\/a> <em>\/\/ Jezik : \u010dasopis za kulturu hrvatskoga knji\u017eevnog jezika,<\/em> <strong>66<\/strong> (2019), 4-5; 138-150<\/li>\n<li>Gledec, Gordan; \u0160oi\u0107, Renato; Dembitz, \u0160andor. <a href=\"https:\/\/ieeexplore.ieee.org\/document\/8873558\">Dynamic N-Gram System Based on an Online Croatian Spellchecking Service.<\/a> \/\/ IEEE Access. 7 (2019) ; 149988-149995<\/li>\n<li>\u0160oi\u0107, Renato; Vukovi\u0107, Marin; Gledec, Gordan. <a href=\"https:\/\/www.croris.hr\/crosbi\/publikacija\/prilog-skup\/683362\">Hrvatski n-gramski sustav<\/a> \/\/ The 16th Conference of the Slavic Cognitive Linguistics Association (SCLC-2019), Book of Abstracts, pp. 54-55, 12-14 Oct 2019, Harvard University, SAD<\/li>\n<li>Dembitz, \u0160andor. <a href=\"https:\/\/www.matica.hr\/kolo\/539\/strojna-obrada-hrvatskog-jezika-maarski-doprinosi-27748\/\">Strojna obrada hrvatskog jezika \u2013 ma\u0111arski doprinosi<\/a> <em>\/\/ Kolo : \u010dasopis Matice hrvatske,<\/em> <strong>4<\/strong> (2017), 108-122<\/li>\n<li>Srdi\u0107, Ivan; Gledec, Gordan. <a href=\"http:\/\/archive.ceciis.foi.hr\/app\/public\/conferences\/2017\/01\/DKB-4.pdf\">Contextual Spellchecking Based on N-grams<\/a> \/\/ Proceedings of the Central European Conference on Information and Intelligent Systems \/ Strahonja, Vjeran ; Kirini\u0107, Valentina (ur.). Vara\u017edin: Faculty of Organization and Informatics, University of Zagreb, 2017. str. 29-33<\/li>\n<li>Dembitz, \u0160andor; Gledec, Gordan; Sokele, Mladen. <a href=\"https:\/\/www.sciencedirect.com\/science\/article\/pii\/S1877050914010886\">An economic approach to big data in a minority language.<\/a> \/\/ Procedia Computer Science. 35 (2014) ; 427-436<\/li>\n<li>Dembitz, \u0160andor; Bla\u0161kovi\u0107, Bruno; Gledec, Gordan.\u00a0<a href=\"https:\/\/www.researchgate.net\/publication\/270450328_Croatian_Language_N-Gram_System\">Croatian Language N-Gram System<\/a>. \/\/ Frontiers in artificial intelligence and applications. 243 (2012) ; 696-705<\/li>\n<li>Juri\u0107, Damir; Banek, Marko; Dembitz, \u0160andor.\u00a0<a href=\"https:\/\/link.springer.com\/chapter\/10.1007\/978-3-642-30947-2_15\">Informativeness of Inflective Noun Bigrams in Croatian<\/a>. \/\/ Lecture Notes in Artificial Intelligence \/ Subseries of Lecture Notes in Computer Science. 7327 (2012) ; 114-123<\/li>\n<li>\u0160andor Dembitz.\u00a0<a href=\"https:\/\/hrcak.srce.hr\/file\/144411\">Funkcionalna leksikografija mre\u017enoga pravopisnog provjernika<\/a>. \/\/ Filologija : \u010dasopis Razreda za filolo\u0161ke znanosti Hrvatske akademije znanosti i umjetnosti. 58 (2012) ; 55-98<\/li>\n<li>Dembitz, \u0160andor; Randi\u0107, Mirko; Gledec, Gordan.\u00a0<a href=\"https:\/\/onlinelibrary.wiley.com\/doi\/epdf\/10.1002\/spe.1037\">Advantages of online spellchecking : a Croatian example.<\/a> \/\/ Software, practice &amp; experience. 41 (2011) , 11; 1203-1231<\/li>\n<li>Dembitz, \u0160andor; Pavlek, Jakov; Stupar, Dejan.\u00a0<a href=\"https:\/\/openbooks.ffzg.unizg.hr\/index.php\/FFpress\/catalog\/download\/113\/187\/8522?inline=1\">Problem stranih imena kod strojne tvorbe govora na hrvatskome<\/a> \/\/ Proizvodnja i percepcija govora \/ Mildner, Vesna ; Liker, Marko (ur.).\u00a0Zagreb : FF-press, 2010. Str. 406-417.<\/li>\n<li>Dembitz, \u0160andor; Gledec, Gordan; Randi\u0107, Mirko.\u00a0Spellchecker \/\/ Wiley Encyclopedia of Computer Science and Engineering ; Vol. 5 \/ Wah, Benjamin W. (ur.).\u00a0Hoboken : John Wiley &amp; Sons, Inc., 2009. Str. 2793-2804.<\/li>\n<li>Dembitz, \u0160andor; Gledec, Gordan; Bla\u0161kovi\u0107, Bruno.\u00a0<a href=\"https:\/\/www.researchgate.net\/publication\/221020417_Architecture_of_Hascheck_-_An_Intelligent_Spellchecker_for_Croatian_Language\">Architecture of Hascheck \u2013 An Intelligent Spellchecker for Croatian Language<\/a>. \/\/ Lecture Notes in Computer Science \/ Lecture Notes in Artificial Intelligence. 6277 (2010) ; 292-301<\/li>\n<li>Pavlek, Jakov; Dembitz, \u0160andor; Matasi\u0107, Marko.\u00a0<a href=\"https:\/\/www.academia.edu\/107360295\/Improved_Methods_of_Word_Acquisition_in_developing_Hascheck_Spell_Checker_Web_Service_System?uc-sb-sw=95732190\">Improved Methods of Word Acquisition in developing Hascheck Spell Checker Web Service System<\/a> \/\/ X International PhD Workshop OWD 2008 \/ Grzegorz K\u0142apyta (ur.). Gliwice, Poland : PTETiS, 2008. 029-034<\/li>\n<li>Dembitz, \u0160andor; Kne\u017eevi\u0107, Petar; Sokele, Mladen. <a href=\"https:\/\/hrcak.srce.hr\/file\/69363\">Developing a Spell Checker as an Expert System<\/a>.\u00a0Journal of Computing and Information Technology &#8211; CIT 11, 2004, 4, 285\u2013291 285<\/li>\n<li>Dembitz, \u0160andor; Kne\u017eevi\u0107, Petar; Sokele, Mladen. Knowledge Acquisition and Energy: A Case Study.\u00a0\u00a0The 21st IASTED International Multi-Conference on Applied Informatics (AI 2003), February 10-13, 2003, Innsbruck, Austria<\/li>\n<li>Dembitz, \u0160andor; Sokele, Mladen. O jednom temeljnom pitanju izgradnje ekspertnih sustava <i>\/\/ CASE 12 &#8211; Metode i alati za projektiranje Informacijskih sustava<\/i> \/ Pavli\u0107, Mile ; Polonijo, Ante ; Polonijo, Mislav ; Tomi\u0107, Silvana (ur.). Rijeka, 2000. str. 179-190<\/li>\n<li>Dembitz, \u0160andor; Kne\u017eevi\u0107, Petar; Sokele, Mladen.\u00a0Five Years of Hascheck \/\/ International Conference on Software in Telecommunications and Computer Networks &#8211; SoftCOM \u00b499 \/ Ro\u017ei\u0107, Nikola ; Begu\u0161i\u0107, Dinko ; Pavelin, Ivan ; Burmaz, Branimir (ur.).<\/li>\n<li>Dembitz, \u0160andor ; Kne\u017eevi\u0107, Petar ; Sokele, Mladen. <a href=\"https:\/\/www.semanticscholar.org\/paper\/Hascheck-The-Croatian-Academic-Spelling-Checker-Dembitz-Knezevic\/1d2bdc3b0e1bba817ccb952a37a9c7dd07959f19\">Hascheck &#8211; The Croatian Academic Spelling Checker<\/a> \/\/ Applications and Innovations in Expert Systems IV \/ Milne, Robert ; Macintosh, Ann ; Bremer, Max (ur.). London : Berlin : Heidelberg : New York (NY) : Barcelona : Hong Kong: Springer, 1999. str. 184-197-x<\/li>\n<li>Dembitz, \u0160andor; Kne\u017eevi\u0107, Petar; Sokele, M. Learning Words: a Cognoelectrical Analogy \/\/ Pre-Proceedings of the AICS &#8217;98. Dublin : AICS, 1998. 19-21<\/li>\n<li>Dembitz, \u0160andor; Sokele, Mladen. <a href=\"https:\/\/ieeexplore.ieee.org\/abstract\/document\/699461\">Computational proofreading of the Croatian lexicon<\/a>. MELECON &#8217;98. 9th Mediterranean Electrotechnical Conference. Proceedings (Cat. No.98CH36056), Tel Aviv, Izrael<\/li>\n<li>Dembitz, \u0160andor; Sokele, M. Usporedba hrvatskih spelling checkera \/\/ Zbornik radova SoftCOM &#8217;97. Split-Bari-Dubrovnik : SoftCOM, 1997. 191-199 (poster,me\u0111unarodna recenzija,objavljeni rad). Split : FESB, University of Split, 1999. 299-307<\/li>\n<\/ol>\n","protected":false},"excerpt":{"rendered":"<p>Tijekom rada na Ha\u0161eku, autori su objavili ve\u0107i broj znanstvenih i stru\u010dnih radova: Gledec, Gordan; Sokele, Mladen; Horvat, Marko; Mikuc, Miljenko. Error Pattern Discovery in Spellchecking Using Multi-Class Confusion Matrix Analysis for the Croatian Language \/\/ Computers (Basel), 13 (2024), 2; 39, 23. doi: 10.3390\/computers13020039 Gledec, Gordan ; Horvat, Marko ; Mikuc, Miljenko ; Bla\u0161kovi\u0107, [&hellip;]<\/p>\n","protected":false},"author":1,"featured_media":0,"parent":255,"menu_order":0,"comment_status":"closed","ping_status":"closed","template":"","meta":{"_exactmetrics_skip_tracking":false,"_exactmetrics_sitenote_active":false,"_exactmetrics_sitenote_note":"","_exactmetrics_sitenote_category":0,"footnotes":""},"class_list":["post-201","page","type-page","status-publish","hentry"],"_links":{"self":[{"href":"https:\/\/ispravi.me\/info\/wp-json\/wp\/v2\/pages\/201","targetHints":{"allow":["GET"]}}],"collection":[{"href":"https:\/\/ispravi.me\/info\/wp-json\/wp\/v2\/pages"}],"about":[{"href":"https:\/\/ispravi.me\/info\/wp-json\/wp\/v2\/types\/page"}],"author":[{"embeddable":true,"href":"https:\/\/ispravi.me\/info\/wp-json\/wp\/v2\/users\/1"}],"replies":[{"embeddable":true,"href":"https:\/\/ispravi.me\/info\/wp-json\/wp\/v2\/comments?post=201"}],"version-history":[{"count":10,"href":"https:\/\/ispravi.me\/info\/wp-json\/wp\/v2\/pages\/201\/revisions"}],"predecessor-version":[{"id":1147,"href":"https:\/\/ispravi.me\/info\/wp-json\/wp\/v2\/pages\/201\/revisions\/1147"}],"up":[{"embeddable":true,"href":"https:\/\/ispravi.me\/info\/wp-json\/wp\/v2\/pages\/255"}],"wp:attachment":[{"href":"https:\/\/ispravi.me\/info\/wp-json\/wp\/v2\/media?parent=201"}],"curies":[{"name":"wp","href":"https:\/\/api.w.org\/{rel}","templated":true}]}}