{"id":266,"date":"2016-07-23T09:13:53","date_gmt":"2016-07-23T08:13:53","guid":{"rendered":"https:\/\/ispravi.me\/hascheck\/?page_id=266"},"modified":"2024-05-10T17:24:13","modified_gmt":"2024-05-10T16:24:13","slug":"kako-koristiti-uslugu","status":"publish","type":"page","link":"https:\/\/ispravi.me\/info\/o-usluzi\/kako-koristiti-uslugu\/","title":{"rendered":"Kako koristiti uslugu?"},"content":{"rendered":"<p>Upi\u0161ite ili kopirajte tekst u veliko svijetlo\u00a0polje.<\/p>\n<p>Na obradu ga mo\u017eete poslati\u00a0klikom na plavu\u00a0ikonu strelice u alatnoj traci.<\/p>\n<p>Iznad\u00a0teksta, u alatnoj traci s desne strane, dobit \u0107ete poruku o statusu provjere:<\/p>\n<ul>\n<li>ako nije prona\u0111ena nijedna pogre\u0161ka, na zelenoj pozadini \u0107e se pojaviti ikona bijele kva\u010dice na zelenoj pozadini;<\/li>\n<li>ako u tekstu ima pogre\u0161aka, broj pogre\u0161aka bit \u0107e ispisan uz bijelu oznaku pogre\u0161ke na crvenoj pozadini.<\/li>\n<\/ul>\n<p>Svaka vrsta pogre\u0161ke ozna\u010dena je odgovaraju\u0107om bojom, koja ovisi o te\u017eini &#8220;pogre\u0161ke&#8221; i stupnju Hascheckove sumnje u pogre\u0161nost rije\u010di, svaka ozna\u010dena rije\u010d istovremeno je izbornik: klikom na nju mo\u017eete izabrati ispravnu rije\u010d s popisa mogu\u0107ih ispravaka ili upisati ispravnu rije\u010d. Na dnu izbornika tri su ikone:<\/p>\n<ul>\n<li>prvom se rije\u010d dodaje u lokalni rje\u010dnik,<\/li>\n<li>drugom se ozna\u010dava da se prihva\u0107anjem ili upisom ispravnog teksta\u00a0zamijene\u00a0sve pojave te pogre\u0161no napisane rije\u010di,<\/li>\n<li>tre\u0107om se zanemaruje poruka o pogre\u0161ci i ozna\u010dava rije\u010d kao ispravna.<\/li>\n<\/ul>\n<p>Klikom na ikonu brisanja (druga slijeva u alatnoj traci)\u00a0bri\u0161ete obrazac\u00a0i mo\u017eete upisati novi tekst.<\/p>\n<p>Nakon provjere, ako se ne unese novi tekst, plava ikona strelice mijenja se u ikonu &#8220;reload&#8221; ili &#8220;refresh&#8221; koja omogu\u0107uje da se isti ili a\u017eurirani tekst ponovno po\u0161alje na obradu.<\/p>\n<p>Postavke provjere mo\u017eete podesiti na prvoj ikoni slijeva (oznaka kota\u010da):<\/p>\n<ul>\n<li>ispravljanje stilskih pogre\u0161aka uz\u00a0klasi\u010dnu provjeru pravopisa omogu\u0107uje i provjeru stilskih pogre\u0161aka i manjeg broja kontekstualnih pogre\u0161aka,<\/li>\n<li>automatsko ispravljanje omogu\u0107uje da se tekst automatski \u0161alje na provjeru \u010dim se kopirani tekst zalijepi (operacija <em>copy &#8211; paste<\/em>) u prostor predvi\u0111en za upis teksta,<\/li>\n<li>kopiranje ispravljenog teksta omogu\u0107uje automatsko\u00a0kopiranje ispravljenog teksta u clipboard, kako bi se kasnije tekst mogao prenijeti\u00a0(<em>pasteati<\/em>)<em> na <\/em>neko drugo mjesto.<\/li>\n<li>mogu\u0107nost ure\u0111ivanja vlastitog rje\u010dnika &#8211; sve rije\u010di koje su pohranjene u lokalnu pohranu ne\u0107e se prikazivati kao pogre\u0161no napisane.<\/li>\n<\/ul>\n","protected":false},"excerpt":{"rendered":"<p>Upi\u0161ite ili kopirajte tekst u veliko svijetlo\u00a0polje. Na obradu ga mo\u017eete poslati\u00a0klikom na plavu\u00a0ikonu strelice u alatnoj traci. Iznad\u00a0teksta, u alatnoj traci s desne strane, dobit \u0107ete poruku o statusu provjere: ako nije prona\u0111ena nijedna pogre\u0161ka, na zelenoj pozadini \u0107e se pojaviti ikona bijele kva\u010dice na zelenoj pozadini; ako u tekstu ima pogre\u0161aka, broj pogre\u0161aka [&hellip;]<\/p>\n","protected":false},"author":1,"featured_media":0,"parent":2,"menu_order":0,"comment_status":"closed","ping_status":"closed","template":"","meta":{"_exactmetrics_skip_tracking":false,"_exactmetrics_sitenote_active":false,"_exactmetrics_sitenote_note":"","_exactmetrics_sitenote_category":0,"footnotes":""},"class_list":["post-266","page","type-page","status-publish","hentry"],"_links":{"self":[{"href":"https:\/\/ispravi.me\/info\/wp-json\/wp\/v2\/pages\/266","targetHints":{"allow":["GET"]}}],"collection":[{"href":"https:\/\/ispravi.me\/info\/wp-json\/wp\/v2\/pages"}],"about":[{"href":"https:\/\/ispravi.me\/info\/wp-json\/wp\/v2\/types\/page"}],"author":[{"embeddable":true,"href":"https:\/\/ispravi.me\/info\/wp-json\/wp\/v2\/users\/1"}],"replies":[{"embeddable":true,"href":"https:\/\/ispravi.me\/info\/wp-json\/wp\/v2\/comments?post=266"}],"version-history":[{"count":6,"href":"https:\/\/ispravi.me\/info\/wp-json\/wp\/v2\/pages\/266\/revisions"}],"predecessor-version":[{"id":1135,"href":"https:\/\/ispravi.me\/info\/wp-json\/wp\/v2\/pages\/266\/revisions\/1135"}],"up":[{"embeddable":true,"href":"https:\/\/ispravi.me\/info\/wp-json\/wp\/v2\/pages\/2"}],"wp:attachment":[{"href":"https:\/\/ispravi.me\/info\/wp-json\/wp\/v2\/media?parent=266"}],"curies":[{"name":"wp","href":"https:\/\/api.w.org\/{rel}","templated":true}]}}