{"id":275,"date":"2016-07-23T09:34:35","date_gmt":"2016-07-23T08:34:35","guid":{"rendered":"https:\/\/ispravi.me\/hascheck\/?page_id=275"},"modified":"2023-01-04T15:28:08","modified_gmt":"2023-01-04T14:28:08","slug":"statistike-koristenja","status":"publish","type":"page","link":"https:\/\/ispravi.me\/info\/o-usluzi\/statistike-koristenja\/","title":{"rendered":"Statistike kori\u0161tenja"},"content":{"rendered":"<p>Broj korisni\u010dkih sesija po mjesecima, od 1. sije\u010dnja 2009. do danas:<\/p>\n<p><a href=\"https:\/\/ispravi.me\/info\/wp-content\/uploads\/2023\/01\/ispravi2022-1.jpg\"><img loading=\"lazy\" decoding=\"async\" class=\"size-full wp-image-978 aligncenter\" src=\"https:\/\/ispravi.me\/info\/wp-content\/uploads\/2023\/01\/ispravi2022-1.jpg\" alt=\"\" width=\"840\" height=\"191\" \/><\/a><\/p>\n<p>&nbsp;<\/p>\n<p>Lokacije s kojih dolaze korisnici, od 1. sije\u010dnja 2008. do danas:<\/p>\n<p><a href=\"https:\/\/ispravi.me\/info\/wp-content\/uploads\/2023\/01\/ispravi-svijet-2022.jpg\"><img loading=\"lazy\" decoding=\"async\" class=\"size-full wp-image-976 aligncenter\" src=\"https:\/\/ispravi.me\/info\/wp-content\/uploads\/2023\/01\/ispravi-svijet-2022.jpg\" alt=\"\" width=\"867\" height=\"535\" \/><\/a><\/p>\n<p>Ostali statisti\u010dki pokazatelji:<\/p>\n<ul>\n<li>preciznost otkrivanja pogre\u0161aka &#8211; preko 97%,<\/li>\n<li>86 % korisnika pristupa iz Hrvatske,<\/li>\n<li>81 % korisnika se vra\u0107a na sjedi\u0161te nakon \u0161to ga prvi put probaju,<\/li>\n<li>u bazi imamo:\n<ul>\n<li>vi\u0161e od milijun razli\u010dnica hrvatskog op\u0107ejezi\u010dnog fonda,<\/li>\n<li>vi\u0161e od milijun razli\u010dnica hrvatskog posebnojezi\u010dnog (dominantno imenskog) fonda,<\/li>\n<li>vi\u0161e od 70 tisu\u0107a razli\u010dnica engleskog op\u0107ejezi\u010dnog fonda.<\/li>\n<\/ul>\n<\/li>\n<\/ul>\n","protected":false},"excerpt":{"rendered":"<p>Broj korisni\u010dkih sesija po mjesecima, od 1. sije\u010dnja 2009. do danas: &nbsp; Lokacije s kojih dolaze korisnici, od 1. sije\u010dnja 2008. do danas: Ostali statisti\u010dki pokazatelji: preciznost otkrivanja pogre\u0161aka &#8211; preko 97%, 86 % korisnika pristupa iz Hrvatske, 81 % korisnika se vra\u0107a na sjedi\u0161te nakon \u0161to ga prvi put probaju, u bazi imamo: vi\u0161e [&hellip;]<\/p>\n","protected":false},"author":1,"featured_media":0,"parent":2,"menu_order":0,"comment_status":"closed","ping_status":"closed","template":"","meta":{"_exactmetrics_skip_tracking":false,"_exactmetrics_sitenote_active":false,"_exactmetrics_sitenote_note":"","_exactmetrics_sitenote_category":0,"footnotes":""},"class_list":["post-275","page","type-page","status-publish","hentry"],"_links":{"self":[{"href":"https:\/\/ispravi.me\/info\/wp-json\/wp\/v2\/pages\/275","targetHints":{"allow":["GET"]}}],"collection":[{"href":"https:\/\/ispravi.me\/info\/wp-json\/wp\/v2\/pages"}],"about":[{"href":"https:\/\/ispravi.me\/info\/wp-json\/wp\/v2\/types\/page"}],"author":[{"embeddable":true,"href":"https:\/\/ispravi.me\/info\/wp-json\/wp\/v2\/users\/1"}],"replies":[{"embeddable":true,"href":"https:\/\/ispravi.me\/info\/wp-json\/wp\/v2\/comments?post=275"}],"version-history":[{"count":19,"href":"https:\/\/ispravi.me\/info\/wp-json\/wp\/v2\/pages\/275\/revisions"}],"predecessor-version":[{"id":979,"href":"https:\/\/ispravi.me\/info\/wp-json\/wp\/v2\/pages\/275\/revisions\/979"}],"up":[{"embeddable":true,"href":"https:\/\/ispravi.me\/info\/wp-json\/wp\/v2\/pages\/2"}],"wp:attachment":[{"href":"https:\/\/ispravi.me\/info\/wp-json\/wp\/v2\/media?parent=275"}],"curies":[{"name":"wp","href":"https:\/\/api.w.org\/{rel}","templated":true}]}}