{"id":282,"date":"2016-07-23T09:39:19","date_gmt":"2016-07-23T08:39:19","guid":{"rendered":"https:\/\/ispravi.me\/hascheck\/?page_id=282"},"modified":"2023-09-22T10:36:45","modified_gmt":"2023-09-22T09:36:45","slug":"registracija-za-api","status":"publish","type":"page","link":"https:\/\/ispravi.me\/info\/api\/registracija-za-api\/","title":{"rendered":"Registracija za API"},"content":{"rendered":"<p><strong>Informacije na ovoj stranici namijenjene su isklju\u010divo profesionalnim korisnicima, tj. onima koji svoje sustave za ure\u0111ivanje tekstova namjeravaju opremiti mogu\u0107no\u0161\u0107u ispravljanja pogre\u0161aka koju nudimo.<\/strong><\/p>\n<p>Provjeru svog teksta mo\u017eete obaviti <a href=\"https:\/\/ispravi.me\/\">na naslovnoj stranici usluge<\/a>.<\/p>\n<p>Kako biste registrirali klju\u010d za API, ispunite obrazac.<\/p>\n<noscript class=\"ninja-forms-noscript-message\">\n\tNotice: JavaScript is required for this content.<\/noscript>\n<div id=\"nf-form-2-cont\" class=\"nf-form-cont\" aria-live=\"polite\" aria-labelledby=\"nf-form-title-2\" aria-describedby=\"nf-form-errors-2\" role=\"form\">\n\n    <div class=\"nf-loading-spinner\"><\/div>\n\n<\/div>\n        <!-- That data is being printed as a workaround to page builders reordering the order of the scripts loaded-->\n        <script>var formDisplay=1;var nfForms=nfForms||[];var form=[];form.id='2';form.settings={\"objectType\":\"Form Setting\",\"editActive\":true,\"title\":\"Prijava za API\",\"form_title\":\"Prijava za API\",\"default_label_pos\":\"above\",\"show_title\":\"1\",\"clear_complete\":\"1\",\"hide_complete\":\"1\",\"logged_in\":\"0\",\"wrapper_class\":\"\",\"element_class\":\"\",\"form_title_heading_level\":\"3\",\"key\":\"\",\"add_submit\":\"1\",\"currency\":\"\",\"unique_field_error\":\"A form with this value has already been submitted.\",\"not_logged_in_msg\":\"\",\"sub_limit_msg\":\"The form has reached its submission limit.\",\"calculations\":[],\"formContentData\":[\"ime_i_prezime_administratora_usluge_1695024819155\",\"elektronicka_posta_administratora_1695024844869\",\"naziv_aplikacije_koja_ce_pristupati_sustavu_ispravi_me_1695024875611\",\"url_aplikacije_1695024897560\",\"ocekivani_broj_krajnjih_korisnika_aplikacije_1695024919540\",\"kratki_opis_usluge_koja_ce_koristiti_provjernik_pravopisa_1695024957087\",\"prihvacam_uvjete_koristenja_1695024982843\",\"recaptcha_1695375273838\",\"zatrazi_pristup_api-ju_1695025251231\"],\"changeEmailErrorMsg\":\"Please enter a valid email address!\",\"changeDateErrorMsg\":\"Please enter a valid date!\",\"confirmFieldErrorMsg\":\"These fields must match!\",\"fieldNumberNumMinError\":\"Number Min Error\",\"fieldNumberNumMaxError\":\"Number Max Error\",\"fieldNumberIncrementBy\":\"Please increment by \",\"formErrorsCorrectErrors\":\"Please correct errors before submitting this form.\",\"validateRequiredField\":\"This is a required field.\",\"honeypotHoneypotError\":\"Honeypot Error\",\"fieldsMarkedRequired\":\"Polja ozna\\u010dena s * obavezno ispuniti!\",\"drawerDisabled\":false,\"allow_public_link\":0,\"public_link\":\"https:\\\/\\\/ispravi.me\\\/info\\\/ninja-forms\\\/2pmda\",\"embed_form\":\"\",\"public_link_key\":\"2pmda\",\"ninjaForms\":\"Ninja Forms\",\"fieldTextareaRTEInsertLink\":\"Insert Link\",\"fieldTextareaRTEInsertMedia\":\"Insert Media\",\"fieldTextareaRTESelectAFile\":\"Select a file\",\"formHoneypot\":\"If you are a human seeing this field, please leave it empty.\",\"fileUploadOldCodeFileUploadInProgress\":\"File Upload in Progress.\",\"fileUploadOldCodeFileUpload\":\"FILE UPLOAD\",\"currencySymbol\":\"&euro;\",\"thousands_sep\":\".\",\"decimal_point\":\".\",\"siteLocale\":\"hr\",\"dateFormat\":\"j. F Y.\",\"startOfWeek\":\"1\",\"of\":\"of\",\"previousMonth\":\"Previous Month\",\"nextMonth\":\"Next Month\",\"months\":[\"January\",\"February\",\"March\",\"April\",\"May\",\"June\",\"July\",\"August\",\"September\",\"October\",\"November\",\"December\"],\"monthsShort\":[\"Jan\",\"Feb\",\"Mar\",\"Apr\",\"May\",\"Jun\",\"Jul\",\"Aug\",\"Sep\",\"Oct\",\"Nov\",\"Dec\"],\"weekdays\":[\"Sunday\",\"Monday\",\"Tuesday\",\"Wednesday\",\"Thursday\",\"Friday\",\"Saturday\"],\"weekdaysShort\":[\"Sun\",\"Mon\",\"Tue\",\"Wed\",\"Thu\",\"Fri\",\"Sat\"],\"weekdaysMin\":[\"Su\",\"Mo\",\"Tu\",\"We\",\"Th\",\"Fr\",\"Sa\"],\"recaptchaConsentMissing\":\"reCaptcha validation couldn&#039;t load.\",\"recaptchaMissingCookie\":\"reCaptcha v3 validation couldn&#039;t load the cookie needed to submit the form.\",\"recaptchaConsentEvent\":\"Accept reCaptcha cookies before sending the form.\",\"currency_symbol\":\"\",\"beforeForm\":\"\",\"beforeFields\":\"\",\"afterFields\":\"\",\"afterForm\":\"\"};form.fields=[{\"objectType\":\"Field\",\"objectDomain\":\"fields\",\"editActive\":false,\"order\":1,\"idAttribute\":\"id\",\"type\":\"textbox\",\"label\":\"Ime i prezime administratora usluge\",\"key\":\"ime_i_prezime_administratora_usluge_1695024819155\",\"label_pos\":\"above\",\"required\":1,\"default\":\"\",\"placeholder\":\"\",\"container_class\":\"\",\"element_class\":\"\",\"input_limit\":\"\",\"input_limit_type\":\"characters\",\"input_limit_msg\":\"Character(s) left\",\"manual_key\":\"\",\"admin_label\":\"\",\"help_text\":\"\",\"mask\":\"\",\"custom_mask\":\"\",\"custom_name_attribute\":\"\",\"personally_identifiable\":\"\",\"value\":\"\",\"drawerDisabled\":\"\",\"field_label\":\"Ime i prezime administratora usluge\",\"field_key\":\"ime_i_prezime_administratora_usluge_1695024819155\",\"id\":5,\"beforeField\":\"\",\"afterField\":\"\",\"parentType\":\"textbox\",\"element_templates\":[\"textbox\",\"input\"],\"old_classname\":\"\",\"wrap_template\":\"wrap\"},{\"objectType\":\"Field\",\"objectDomain\":\"fields\",\"editActive\":false,\"order\":2,\"idAttribute\":\"id\",\"type\":\"email\",\"label\":\"Elektroni\\u010dka po\\u0161ta administratora\",\"key\":\"elektronicka_posta_administratora_1695024844869\",\"label_pos\":\"above\",\"required\":1,\"default\":\"\",\"placeholder\":\"\",\"container_class\":\"\",\"element_class\":\"\",\"admin_label\":\"\",\"help_text\":\"\",\"custom_name_attribute\":\"email\",\"personally_identifiable\":1,\"value\":\"\",\"drawerDisabled\":\"\",\"field_label\":\"Elektroni\\u010dka po\\u0161ta administratora\",\"field_key\":\"elektronicka_posta_administratora_1695024844869\",\"id\":6,\"beforeField\":\"\",\"afterField\":\"\",\"parentType\":\"email\",\"element_templates\":[\"email\",\"input\"],\"old_classname\":\"\",\"wrap_template\":\"wrap\"},{\"objectType\":\"Field\",\"objectDomain\":\"fields\",\"editActive\":false,\"order\":3,\"idAttribute\":\"id\",\"type\":\"textbox\",\"label\":\"Naziv aplikacije koja \\u0107e pristupati sustavu Ispravi.Me:\",\"key\":\"naziv_aplikacije_koja_ce_pristupati_sustavu_ispravi_me_1695024875611\",\"label_pos\":\"above\",\"required\":1,\"default\":\"\",\"placeholder\":\"\",\"container_class\":\"\",\"element_class\":\"\",\"input_limit\":\"\",\"input_limit_type\":\"characters\",\"input_limit_msg\":\"Character(s) left\",\"manual_key\":\"\",\"admin_label\":\"\",\"help_text\":\"\",\"mask\":\"\",\"custom_mask\":\"\",\"custom_name_attribute\":\"\",\"personally_identifiable\":\"\",\"value\":\"\",\"drawerDisabled\":\"\",\"field_label\":\"Naziv aplikacije koja \\u0107e pristupati sustavu Ispravi.Me:\",\"field_key\":\"naziv_aplikacije_koja_ce_pristupati_sustavu_ispravi_me_1695024875611\",\"id\":7,\"beforeField\":\"\",\"afterField\":\"\",\"parentType\":\"textbox\",\"element_templates\":[\"textbox\",\"input\"],\"old_classname\":\"\",\"wrap_template\":\"wrap\"},{\"objectType\":\"Field\",\"objectDomain\":\"fields\",\"editActive\":false,\"order\":4,\"idAttribute\":\"id\",\"type\":\"textbox\",\"label\":\"URL aplikacije\",\"key\":\"url_aplikacije_1695024897560\",\"label_pos\":\"above\",\"required\":\"\",\"default\":\"\",\"placeholder\":\"\",\"container_class\":\"\",\"element_class\":\"\",\"input_limit\":\"\",\"input_limit_type\":\"characters\",\"input_limit_msg\":\"Character(s) left\",\"manual_key\":\"\",\"admin_label\":\"\",\"help_text\":\"\",\"mask\":\"\",\"custom_mask\":\"\",\"custom_name_attribute\":\"\",\"personally_identifiable\":\"\",\"value\":\"\",\"drawerDisabled\":\"\",\"field_label\":\"URL aplikacije\",\"field_key\":\"url_aplikacije_1695024897560\",\"id\":8,\"beforeField\":\"\",\"afterField\":\"\",\"parentType\":\"textbox\",\"element_templates\":[\"textbox\",\"input\"],\"old_classname\":\"\",\"wrap_template\":\"wrap\"},{\"objectType\":\"Field\",\"objectDomain\":\"fields\",\"editActive\":false,\"order\":5,\"idAttribute\":\"id\",\"type\":\"number\",\"label\":\"O\\u010dekivani broj krajnjih korisnika aplikacije:\",\"key\":\"ocekivani_broj_krajnjih_korisnika_aplikacije_1695024919540\",\"label_pos\":\"above\",\"required\":\"\",\"default\":\"\",\"placeholder\":\"\",\"container_class\":\"\",\"element_class\":\"\",\"manual_key\":\"\",\"admin_label\":\"\",\"help_text\":\"\",\"num_min\":0,\"num_max\":\"\",\"num_step\":1,\"value\":\"\",\"drawerDisabled\":\"\",\"field_label\":\"O\\u010dekivani broj krajnjih korisnika aplikacije:\",\"field_key\":\"ocekivani_broj_krajnjih_korisnika_aplikacije_1695024919540\",\"id\":9,\"beforeField\":\"\",\"afterField\":\"\",\"parentType\":\"number\",\"element_templates\":[\"number\",\"input\"],\"old_classname\":\"\",\"wrap_template\":\"wrap\"},{\"objectType\":\"Field\",\"objectDomain\":\"fields\",\"editActive\":false,\"order\":6,\"idAttribute\":\"id\",\"label\":\"Kratki opis usluge koja \\u0107e koristiti provjernik pravopisa\",\"type\":\"textarea\",\"key\":\"kratki_opis_usluge_koja_ce_koristiti_provjernik_pravopisa_1695024957087\",\"label_pos\":\"above\",\"required\":1,\"default\":\"\",\"placeholder\":\"\",\"container_class\":\"\",\"element_class\":\"\",\"input_limit\":\"\",\"input_limit_type\":\"characters\",\"input_limit_msg\":\"Character(s) left\",\"manual_key\":\"\",\"admin_label\":\"\",\"help_text\":\"\",\"textarea_rte\":\"\",\"disable_rte_mobile\":\"\",\"textarea_media\":\"\",\"value\":\"\",\"drawerDisabled\":\"\",\"field_label\":\"Kratki opis usluge koja \\u0107e koristiti provjernik pravopisa\",\"field_key\":\"kratki_opis_usluge_koja_ce_koristiti_provjernik_pravopisa_1695024957087\",\"id\":10,\"beforeField\":\"\",\"afterField\":\"\",\"parentType\":\"textarea\",\"element_templates\":[\"textarea\",\"input\"],\"old_classname\":\"\",\"wrap_template\":\"wrap\"},{\"objectType\":\"Field\",\"objectDomain\":\"fields\",\"editActive\":false,\"order\":7,\"idAttribute\":\"id\",\"type\":\"checkbox\",\"label\":\"Prihva\\u0107am Uvjete kori\\u0161tenja\",\"key\":\"prihvacam_uvjete_koristenja_1695024982843\",\"label_pos\":\"right\",\"required\":1,\"container_class\":\"\",\"element_class\":\"\",\"manual_key\":\"\",\"admin_label\":\"\",\"help_text\":\"\",\"default_value\":\"unchecked\",\"checked_value\":\"Checked\",\"unchecked_value\":\"Unchecked\",\"checked_calc_value\":\"\",\"unchecked_calc_value\":\"\",\"drawerDisabled\":\"\",\"default\":\"unchecked\",\"field_label\":\"Prihva\\u0107am Uvjete kori\\u0161tenja\",\"field_key\":\"prihvacam_uvjete_koristenja_1695024982843\",\"value\":\"unchecked\",\"id\":11,\"beforeField\":\"\",\"afterField\":\"\",\"parentType\":\"checkbox\",\"element_templates\":[\"checkbox\",\"input\"],\"old_classname\":\"\",\"wrap_template\":\"wrap\"},{\"objectType\":\"Field\",\"objectDomain\":\"fields\",\"editActive\":false,\"order\":8,\"idAttribute\":\"id\",\"label\":\"Recaptcha\",\"type\":\"recaptcha\",\"container_class\":\"\",\"element_class\":\"\",\"size\":\"visible\",\"key\":\"recaptcha_1695375273838\",\"drawerDisabled\":false,\"id\":13,\"beforeField\":\"\",\"afterField\":\"\",\"value\":\"\",\"label_pos\":\"above\",\"parentType\":\"textbox\",\"element_templates\":[\"recaptcha\",\"input\"],\"old_classname\":\"\",\"wrap_template\":\"wrap\",\"site_key\":\"6LfSyiUTAAAAAI-u_NYtORChkTOHtLCuUR5NVZdI\",\"theme\":\"light\",\"lang\":\"hr\"},{\"objectType\":\"Field\",\"objectDomain\":\"fields\",\"editActive\":false,\"order\":9,\"idAttribute\":\"id\",\"type\":\"submit\",\"label\":\"Zatra\\u017ei pristup API-ju\",\"processing_label\":\"Processing\",\"container_class\":\"\",\"element_class\":\"\",\"key\":\"zatrazi_pristup_api-ju_1695025251231\",\"drawerDisabled\":\"\",\"field_label\":\"Zatra\\u017ei pristup API-ju\",\"field_key\":\"zatrazi_pristup_api-ju_1695025251231\",\"admin_label\":\"\",\"id\":12,\"beforeField\":\"\",\"afterField\":\"\",\"value\":\"\",\"label_pos\":\"above\",\"parentType\":\"textbox\",\"element_templates\":[\"submit\",\"button\",\"input\"],\"old_classname\":\"\",\"wrap_template\":\"wrap-no-label\"}];nfForms.push(form);<\/script>\n        \n","protected":false},"excerpt":{"rendered":"<p>Informacije na ovoj stranici namijenjene su isklju\u010divo profesionalnim korisnicima, tj. onima koji svoje sustave za ure\u0111ivanje tekstova namjeravaju opremiti mogu\u0107no\u0161\u0107u ispravljanja pogre\u0161aka koju nudimo. Provjeru svog teksta mo\u017eete obaviti na naslovnoj stranici usluge. Kako biste registrirali klju\u010d za API, ispunite obrazac.<\/p>\n","protected":false},"author":1,"featured_media":0,"parent":157,"menu_order":0,"comment_status":"closed","ping_status":"closed","template":"","meta":{"_exactmetrics_skip_tracking":false,"_exactmetrics_sitenote_active":false,"_exactmetrics_sitenote_note":"","_exactmetrics_sitenote_category":0,"footnotes":""},"class_list":["post-282","page","type-page","status-publish","hentry"],"_links":{"self":[{"href":"https:\/\/ispravi.me\/info\/wp-json\/wp\/v2\/pages\/282","targetHints":{"allow":["GET"]}}],"collection":[{"href":"https:\/\/ispravi.me\/info\/wp-json\/wp\/v2\/pages"}],"about":[{"href":"https:\/\/ispravi.me\/info\/wp-json\/wp\/v2\/types\/page"}],"author":[{"embeddable":true,"href":"https:\/\/ispravi.me\/info\/wp-json\/wp\/v2\/users\/1"}],"replies":[{"embeddable":true,"href":"https:\/\/ispravi.me\/info\/wp-json\/wp\/v2\/comments?post=282"}],"version-history":[{"count":13,"href":"https:\/\/ispravi.me\/info\/wp-json\/wp\/v2\/pages\/282\/revisions"}],"predecessor-version":[{"id":995,"href":"https:\/\/ispravi.me\/info\/wp-json\/wp\/v2\/pages\/282\/revisions\/995"}],"up":[{"embeddable":true,"href":"https:\/\/ispravi.me\/info\/wp-json\/wp\/v2\/pages\/157"}],"wp:attachment":[{"href":"https:\/\/ispravi.me\/info\/wp-json\/wp\/v2\/media?parent=282"}],"curies":[{"name":"wp","href":"https:\/\/api.w.org\/{rel}","templated":true}]}}