{"id":29,"date":"2015-12-14T14:01:30","date_gmt":"2015-12-14T13:01:30","guid":{"rendered":"https:\/\/ispravi.me\/hascheck\/?page_id=29"},"modified":"2024-05-03T12:10:48","modified_gmt":"2024-05-03T11:10:48","slug":"u-medijima","status":"publish","type":"page","link":"https:\/\/ispravi.me\/info\/autori\/u-medijima\/","title":{"rendered":"U medijima"},"content":{"rendered":"<p>Zanimanje javnosti za uslugu po\u010delo je brzo nakon \u0161to je ona postala dostupna putem weba. Iako nikad nije bila predmetom marketin\u0161ke kampanje, svijest o usluzi \u0161irila se me\u0111u korisnicima i prenosila usmenim putem.<\/p>\n<p>Sve vi\u0161e je po\u010dinju koristiti profesionalni korisnici, poglavito novinari novinskih i web-portala. Svoje zadovoljstvo iskazali su i u nekoliko tekstova koje su objavili posljednjih godina i tako Ha\u0161eka pribli\u017eili javnosti.<\/p>\n<div class=\"col-sm-6\">\n<ul class=\"nostyle\">\n<li><a href=\"https:\/\/hr.bloombergadria.com\/ostalo\/opce\/57070\/strojno-prevodenje-uzima-sve-vise-maha-ali-za-hrvatski-jezik-ljudi-su-jos-nezamjenjivi\/news\/\">prilog na Bloomberg Adria<\/a> (travanj 2024.)<\/li>\n<li><a href=\"https:\/\/www.netokracija.com\/hascheck-ispravi-me-30-godina-gordan-gledec-221527\">prilog u Netokracija.hr u povodu 30. ro\u0111endana (o\u017eujak 2024.)<\/a><\/li>\n<li>niz priloga o smrti autora Ha\u0161eka prof. \u0160andora Dembitza (velja\u010da 2024.)\n<ul class=\"nostyle\">\n<li><a href=\"https:\/\/www.fer.unizg.hr\/novosti?@=2zdn3#news_94045\">FER<\/a><\/li>\n<li><a href=\"https:\/\/www.vecernji.hr\/vijesti\/preminuo-ugledni-profesor-s-fer-a-autor-prvog-hrvatskog-alata-za-provjeru-pravopisa-1745760\">Ve\u010dernji list<\/a><\/li>\n<li><a href=\"https:\/\/www.jutarnji.hr\/vijesti\/hrvatska\/dan-prije-svog-rodendana-preminuo-ugledni-profesor-s-fer-a-15427049\">Jutarnji list<\/a><\/li>\n<li><a href=\"https:\/\/www.24sata.hr\/news\/umro-ugledni-profesor-s-fer-a-njegov-alat-koristili-su-svi-964363\">24 sata<\/a><\/li>\n<li><a href=\"https:\/\/www.index.hr\/vijesti\/clanak\/preminuo-ugledni-profesor-s-fera-tvorac-haschecka\/2537858.aspx\">Index.hr<\/a><\/li>\n<li><a href=\"https:\/\/www.zagreb.info\/crna-kronika\/tuzna-vijest-zagrebacki-profesor-preminuo-dan-prije-svog-rodendana\/601222\/\">zagreb.info<\/a><\/li>\n<li><a href=\"https:\/\/www.tportal.hr\/tehno\/clanak\/dan-prije-svog-rodendana-preminuo-ugledni-profesor-s-fer-a-i-autor-haseka-20240212\">tportal.hr<\/a><\/li>\n<li><a href=\"https:\/\/www.bug.hr\/in-memoriam\/preminuo-je-profesor-s-fer-a-sandor-dembitz-autor-prvog-hrvatskog-provjernika-38342\">bug.hr<\/a><\/li>\n<li><a href=\"https:\/\/www.telegram.hr\/zivot\/preminuo-cijenjeni-profesor-zagrebackog-fer-a-sandor-dembitz-tvorac-popularnog-haschecka\/\">Telegram<\/a><\/li>\n<li><a href=\"https:\/\/www.srednja.hr\/faks\/dan-prije-rodendana-preminuo-legendarni-profesor-fer-a-autor-sustava-ispravi-me\/\">srednja.hr<\/a><\/li>\n<\/ul>\n<\/li>\n<li><a href=\"https:\/\/www.globalnovine.eu\/tehnologija\/spas-u-zadnji-cas-ispravi-me-koristi-profesorima-i-studentima-ali-treba-biti-oprezan\/\">studentske novine Global (sije\u010danj 2020.)<\/a><\/li>\n<li><a href=\"https:\/\/www.srednja.hr\/faks\/autor-sustava-ispravi-me-vec-25-godina-pronalazi-pravopisne-pogreske-hrvatski-jezik-ugrozen\/\">prilog na srednja.hr o autoru sustava (sije\u010danj 2020.)<\/a><\/li>\n<li><a href=\"https:\/\/www.srednja.hr\/kultura\/vijesti-kultura\/otkrivamo-deset-pravopisnih-gresaka-koje-hrvati-najcesce-pravili-tijekom-2017-45-milijuna-tekstova-obradenih-haschecku\/\">naj\u010de\u0161\u0107e pogre\u0161ke iz 2017. godine &#8211; srednja.hr<\/a><\/li>\n<li><a href=\"http:\/\/www.klincek.com\/?p=10526\">prilog na klincek.com<\/a> &#8211; prate nas i osnovno\u0161kolci!<\/li>\n<li><a href=\"https:\/\/ispravi.me\/info\/wp-content\/uploads\/2015\/12\/vidi-252-2017.pdf\">usporedba provjernika pravopisa u \u010dasopisu\u00a0VIDI (br. 252)<\/a><\/li>\n<li><a href=\"https:\/\/www.logicno.com\/life-and-style\/high-tech\/ispravi-me-svjetski-poznata-hrvatska-aplikacija-za-provjeru-tekstova.html\">prilog na logicno.com<\/a><\/li>\n<li><a href=\"http:\/\/www.mojfaks.com\/vijesti\/hasek-ima-novo-ime-ispravime-kao-pomoc-studentima-koji-zele-provjeriti-pravopis\">prilog o Ispravi.Me na mojfaks.com<\/a><\/li>\n<li><a href=\"http:\/\/www.netokracija.com\/hascheck-ispravi-me-pravopis-128146\">prvi prilog u medijima nakon promjene naziva i su\u010delja &#8211; netokracija.com<\/a><\/li>\n<li><a href=\"http:\/\/zimo.dnevnik.hr\/clanak\/pricali-smo-sa-sandorom-dembitzom-pokretacem-jednog-od-najstarijih-web-servisa-u-hrvatskoj-haschecka---403098.html\">intervju sa \u0160andorom Dembitzom na Zimo.co<\/a><\/li>\n<li><a href=\"http:\/\/liderpress.hr\/poslovna-znanja\/studenti-razvijaju-program-koji-glas-pretvara-u-tekst\/\">prilog o Haschecku u Liderpressu<\/a><\/li>\n<li><a href=\"http:\/\/www.index.hr\/vijesti\/clanak\/otkriveno-jos-jedno-podrucje-u-kojem-hrvatska-opasno-zaostaje-za-ostatkom-svijeta\/759761.aspx\">prilog o Haschecku na index.hr<\/a><\/li>\n<li><a href=\"http:\/\/net.hr\/tehnoklik\/vijesti-tehnoklik\/hrvatski-je-u-tehnologiji-jedan-od-najzapustenijih-europskih-jezika\">prilog o Haschecku na net.hr<\/a><\/li>\n<li><a href=\"http:\/\/www.srednja.hr\/Novosti\/Hrvatska\/Zagrebacki-FER-izvozi-znanje-Za-pravopisnu-aplikaciju-ostro-zagrizli-Francuzi\">prilog o Haschecku na srednja.hr<\/a><\/li>\n<li><a href=\"https:\/\/www.youtube.com\/watch?v=o8ejTC3Ru1s\">prilog u emisiji eHrvatska<\/a><\/li>\n<li><a href=\"https:\/\/ispravi.me\/info\/wp-content\/uploads\/2016\/07\/1997-03-WIN-INI.pdf\">vjerojatno najstariji prilog o Ha\u0161eku, iz 1997. godine, objavljen u \u010dasopisu WIN.INI<\/a><\/li>\n<\/ul>\n<p>&nbsp;<\/p>\n<\/div>\n<p><iframe loading=\"lazy\" src=\"https:\/\/www.youtube.com\/embed\/o8ejTC3Ru1s?rel=0\" width=\"853\" height=\"480\" frameborder=\"0\" allowfullscreen=\"allowfullscreen\"><\/iframe><\/p>\n","protected":false},"excerpt":{"rendered":"<p>Zanimanje javnosti za uslugu po\u010delo je brzo nakon \u0161to je ona postala dostupna putem weba. Iako nikad nije bila predmetom marketin\u0161ke kampanje, svijest o usluzi \u0161irila se me\u0111u korisnicima i prenosila usmenim putem. Sve vi\u0161e je po\u010dinju koristiti profesionalni korisnici, poglavito novinari novinskih i web-portala. Svoje zadovoljstvo iskazali su i u nekoliko tekstova koje su [&hellip;]<\/p>\n","protected":false},"author":1,"featured_media":0,"parent":255,"menu_order":0,"comment_status":"closed","ping_status":"closed","template":"","meta":{"_exactmetrics_skip_tracking":false,"_exactmetrics_sitenote_active":false,"_exactmetrics_sitenote_note":"","_exactmetrics_sitenote_category":0,"footnotes":""},"class_list":["post-29","page","type-page","status-publish","hentry"],"_links":{"self":[{"href":"https:\/\/ispravi.me\/info\/wp-json\/wp\/v2\/pages\/29","targetHints":{"allow":["GET"]}}],"collection":[{"href":"https:\/\/ispravi.me\/info\/wp-json\/wp\/v2\/pages"}],"about":[{"href":"https:\/\/ispravi.me\/info\/wp-json\/wp\/v2\/types\/page"}],"author":[{"embeddable":true,"href":"https:\/\/ispravi.me\/info\/wp-json\/wp\/v2\/users\/1"}],"replies":[{"embeddable":true,"href":"https:\/\/ispravi.me\/info\/wp-json\/wp\/v2\/comments?post=29"}],"version-history":[{"count":20,"href":"https:\/\/ispravi.me\/info\/wp-json\/wp\/v2\/pages\/29\/revisions"}],"predecessor-version":[{"id":1117,"href":"https:\/\/ispravi.me\/info\/wp-json\/wp\/v2\/pages\/29\/revisions\/1117"}],"up":[{"embeddable":true,"href":"https:\/\/ispravi.me\/info\/wp-json\/wp\/v2\/pages\/255"}],"wp:attachment":[{"href":"https:\/\/ispravi.me\/info\/wp-json\/wp\/v2\/media?parent=29"}],"curies":[{"name":"wp","href":"https:\/\/api.w.org\/{rel}","templated":true}]}}