{"id":335,"date":"2016-07-25T19:58:26","date_gmt":"2016-07-25T18:58:26","guid":{"rendered":"https:\/\/ispravi.me\/info\/?page_id=335"},"modified":"2026-01-22T19:07:15","modified_gmt":"2026-01-22T18:07:15","slug":"nasi-korisnici","status":"publish","type":"page","link":"https:\/\/ispravi.me\/info\/nasi-korisnici\/","title":{"rendered":"Na\u0161i korisnici"},"content":{"rendered":"<p>Uz tisu\u0107e malih korisnika, svakog dana usluge Haschecka koriste i brojne televizijske, radijske i novinske redakcije i redakcije web-portala. Usluzi pristupaju bilo preko web-su\u010delja, bilo putem aplikacijskih su\u010delja iz vlastitih sustava za upravljanje sadr\u017eajem. Javite nam se i postanite na\u0161 korisnik!<\/p>\n<p>No, kako se radi o usluzi izvorno namijenjenoj akademskoj zajednici, valja i ovo istaknuti:<\/p>\n<ul>\n<li>prvi doktorat koji je Hascheck pro\u010ditao i pomogao urediti:<br \/>\n\u0160andor Dembitz: <em>Automatizacija postupaka otkrivanja gre\u0161aka u tekstu u novim telekomunikacijskim slu\u017ebama<\/em>, ETF, Zagreb, 1993.<\/li>\n<li>prvi doktorat koji je Ispravi.me pro\u010ditao i pomogao urediti:<br \/>\nVilma Dembitz: <em>Autofagija i metaboli\u010dke promjene u diferencijaciji stani\u010dnih linija akutne mijeloi\u010dne leukemije<\/em>, MEF, Zagreb, 2017.<\/li>\n<\/ul>\n<p>&nbsp;<\/p>\n","protected":false},"excerpt":{"rendered":"<p>Uz tisu\u0107e malih korisnika, svakog dana usluge Haschecka koriste i brojne televizijske, radijske i novinske redakcije i redakcije web-portala. Usluzi pristupaju bilo preko web-su\u010delja, bilo putem aplikacijskih su\u010delja iz vlastitih sustava za upravljanje sadr\u017eajem. Javite nam se i postanite na\u0161 korisnik! No, kako se radi o usluzi izvorno namijenjenoj akademskoj zajednici, valja i ovo istaknuti: [&hellip;]<\/p>\n","protected":false},"author":1,"featured_media":0,"parent":0,"menu_order":0,"comment_status":"closed","ping_status":"closed","template":"","meta":{"_exactmetrics_skip_tracking":false,"_exactmetrics_sitenote_active":false,"_exactmetrics_sitenote_note":"","_exactmetrics_sitenote_category":0,"footnotes":""},"class_list":["post-335","page","type-page","status-publish","hentry"],"_links":{"self":[{"href":"https:\/\/ispravi.me\/info\/wp-json\/wp\/v2\/pages\/335","targetHints":{"allow":["GET"]}}],"collection":[{"href":"https:\/\/ispravi.me\/info\/wp-json\/wp\/v2\/pages"}],"about":[{"href":"https:\/\/ispravi.me\/info\/wp-json\/wp\/v2\/types\/page"}],"author":[{"embeddable":true,"href":"https:\/\/ispravi.me\/info\/wp-json\/wp\/v2\/users\/1"}],"replies":[{"embeddable":true,"href":"https:\/\/ispravi.me\/info\/wp-json\/wp\/v2\/comments?post=335"}],"version-history":[{"count":8,"href":"https:\/\/ispravi.me\/info\/wp-json\/wp\/v2\/pages\/335\/revisions"}],"predecessor-version":[{"id":1241,"href":"https:\/\/ispravi.me\/info\/wp-json\/wp\/v2\/pages\/335\/revisions\/1241"}],"wp:attachment":[{"href":"https:\/\/ispravi.me\/info\/wp-json\/wp\/v2\/media?parent=335"}],"curies":[{"name":"wp","href":"https:\/\/api.w.org\/{rel}","templated":true}]}}