{"id":341,"date":"2016-07-25T20:05:11","date_gmt":"2016-07-25T19:05:11","guid":{"rendered":"https:\/\/ispravi.me\/info\/?page_id=341"},"modified":"2025-11-13T14:18:42","modified_gmt":"2025-11-13T13:18:42","slug":"cesta-pitanja","status":"publish","type":"page","link":"https:\/\/ispravi.me\/info\/cesta-pitanja\/","title":{"rendered":"\u010cesta pitanja"},"content":{"rendered":"<h2>Je li rje\u010dni\u010dka baza javno dostupna?<\/h2>\n<p><strong>Rje\u010dni\u010dka baza nije dostupna javnosti.<\/strong> No, usluzi se mo\u017ee osim putem weba pristupiti i <a href=\"\/info\/api\/\">preko aplikacijskog su\u010delja<\/a>.\u00a0<a href=\"\/info\/api\/registracija-za-api\/\">Registrirajte svoj API-klju\u010d<\/a> \u0161to prije i razvijte svoju aplikaciju nad na\u0161om uslugom!<\/p>\n<h2>Je li usluga besplatna?<\/h2>\n<p><strong>Trenuta\u010dno je usluga besplatna za neprofesionalne korisnike<\/strong>.<\/p>\n<h2>Za\u0161to ispravi.me ne daje ispravke za dvoslovne i troslovne rije\u010di?<\/h2>\n<p>Zbog toga \u0161to bi takvih potencijalnih ispravaka bilo previ\u0161e.<\/p>\n<h2>Koliko ljudi radi na projektu?<\/h2>\n<p>Nakon <a href=\"\/info\/preminuo-sandor-dembitz-autor-haseka\/\">smrti voditelja i autora Haschecka dr. sc. \u0160andora Dembitza<\/a>, na projektu radi prof. dr. sc. Gordan Gledec. U sklopu diplomskih ili zavr\u0161nih radova na projektu sudjeluju studenti FER-a. Autor korisni\u010dkog su\u010delja je Ivan Srdi\u0107, nekada\u0161nji student diplomskog studija FER-a. Stranicu je dizajnirao Tomislav Korman.<\/p>\n<h2>Za\u0161to bismo koristili ispravi.me, kad imamo Microsoftov Office?<\/h2>\n<p>Poku\u0161ajte\u00a0provu\u0107i ovaj tekst kroz Ha\u0161eka i kroz Office:<\/p>\n<p style=\"padding-left: 30px;\"><em>Nakon \u0161est dana stru\u010de prakse vi\u0161e nisam imao \u010diste odje\u010de te sam slijede\u0107i put ponio vi\u0161e kompleta kako bi se \u0161to bolje obuko.<\/em><\/p>\n<p style=\"padding-left: 30px;\"><em>Kad posegnuh za olovko iz kutijo, ne\u0161to me presje\u010de u le\u0111ima. Vidio sam milion zvjezdica.\u00a0Napiso sam pismo i stavio u koverto.<\/em><\/p>\n<p style=\"padding-left: 30px;\"><em>Dinamo igra lo\u0161e &#8211; ve\u0107 dugo nisam vidio takvu defanzivu. Kao da vi\u0161e ne znaju udariti loptu nogo. Ba\u0161 je zabavo. Nikad nisam gledao goru partijo.<\/em><\/p>\n<p style=\"padding-left: 30px;\"><em>Kolinda Grabar Kitarovi\u0107 izabrana je za predsjednicu Hrvatske s malom razlikom u broju glasova. Stranko Poklepovi\u0107 bio je trener Hajduka.<\/em><\/p>\n<p style=\"padding-left: 30px;\"><em>Teroristi\u010dki napad na tjednik Charlie Hebdo odnio je \u017eivote 12 ljudi. \u00a0<\/em><\/p>\n<h2>Za\u0161to bismo koristili ispravi.me, kad imamo ChatGPT\/Gemini\/&#8230;?<\/h2>\n<p>Odgovor je ne\u0161to <a href=\"https:\/\/ispravi.me\/info\/zasto-koristiti-ispravi-me-a-ne-chatgpt\/\">op\u0161irniji<\/a>, ali ukratko &#8211; za <strong>preciznu, normativnu provjeru hrvatskog jezika<\/strong>\u00a0\u2013 specijalizirani alat poput\u00a0<strong>ispravi.me<\/strong> uvijek je pouzdaniji izbor.<\/p>\n","protected":false},"excerpt":{"rendered":"<p>Je li rje\u010dni\u010dka baza javno dostupna? Rje\u010dni\u010dka baza nije dostupna javnosti. No, usluzi se mo\u017ee osim putem weba pristupiti i preko aplikacijskog su\u010delja.\u00a0Registrirajte svoj API-klju\u010d \u0161to prije i razvijte svoju aplikaciju nad na\u0161om uslugom! Je li usluga besplatna? Trenuta\u010dno je usluga besplatna za neprofesionalne korisnike. Za\u0161to ispravi.me ne daje ispravke za dvoslovne i troslovne rije\u010di? [&hellip;]<\/p>\n","protected":false},"author":1,"featured_media":0,"parent":0,"menu_order":0,"comment_status":"closed","ping_status":"closed","template":"","meta":{"_exactmetrics_skip_tracking":false,"_exactmetrics_sitenote_active":false,"_exactmetrics_sitenote_note":"","_exactmetrics_sitenote_category":0,"footnotes":""},"class_list":["post-341","page","type-page","status-publish","hentry"],"_links":{"self":[{"href":"https:\/\/ispravi.me\/info\/wp-json\/wp\/v2\/pages\/341","targetHints":{"allow":["GET"]}}],"collection":[{"href":"https:\/\/ispravi.me\/info\/wp-json\/wp\/v2\/pages"}],"about":[{"href":"https:\/\/ispravi.me\/info\/wp-json\/wp\/v2\/types\/page"}],"author":[{"embeddable":true,"href":"https:\/\/ispravi.me\/info\/wp-json\/wp\/v2\/users\/1"}],"replies":[{"embeddable":true,"href":"https:\/\/ispravi.me\/info\/wp-json\/wp\/v2\/comments?post=341"}],"version-history":[{"count":20,"href":"https:\/\/ispravi.me\/info\/wp-json\/wp\/v2\/pages\/341\/revisions"}],"predecessor-version":[{"id":1233,"href":"https:\/\/ispravi.me\/info\/wp-json\/wp\/v2\/pages\/341\/revisions\/1233"}],"wp:attachment":[{"href":"https:\/\/ispravi.me\/info\/wp-json\/wp\/v2\/media?parent=341"}],"curies":[{"name":"wp","href":"https:\/\/api.w.org\/{rel}","templated":true}]}}