{"id":863,"date":"2021-02-25T16:05:56","date_gmt":"2021-02-25T15:05:56","guid":{"rendered":"https:\/\/ispravi.me\/info\/?page_id=863"},"modified":"2021-02-25T16:05:56","modified_gmt":"2021-02-25T15:05:56","slug":"izjava-o-pristupacnosti","status":"publish","type":"page","link":"https:\/\/ispravi.me\/info\/o-usluzi\/izjava-o-pristupacnosti\/","title":{"rendered":"Izjava o pristupa\u010dnosti"},"content":{"rendered":"<p>Sveu\u010dili\u0161te u Zagrebu Fakultet elektrotehnike i ra\u010dunarstva (u daljnjem tekstu: FER) nastoji svoje mre\u017ene stranice u\u010diniti pristupa\u010dnima u skladu sa Zakonom o pristupa\u010dnosti mre\u017enih stranica i programskih rje\u0161enja za pokretne ure\u0111aje tijela javnog sektora Republike Hrvatske (\u201eNarodne novine\u201c, broj 17\/19; dalje u tekstu: Zakon) kojim se prenosi Direktiva (EU) 2016\/2102 Europskog parlamenta i Vije\u0107a od 26. listopada 2016. o pristupa\u010dnosti internetskih stranica i mobilnih aplikacija tijela javnog sektora (SL L 327, 2.12.2016.).<\/p>\n<p>Izjava o pristupa\u010dnosti primjenjuje se na web-sjedi\u0161te usluge ispravi.me na adresi https:\/\/ispravi.me\/.<\/p>\n<h3>Stupanj uskla\u0111enosti<\/h3>\n<p>Mre\u017eno sjedi\u0161te https:\/\/ispravi.me\/ djelomi\u010dno je uskla\u0111eno sa Zakonom zbog neuskla\u0111enosti koje su navedene u nastavku.<\/p>\n<h3>Nepristupa\u010dan sadr\u017eaj<\/h3>\n<p>Sadr\u017eaj naveden u nastavku je nepristupa\u010dan uslijed sljede\u0107ih okolnosti:<\/p>\n<ul>\n<li>svi grafi\u010dki elementi nemaju pridru\u017een prikladni opis,<\/li>\n<li>videosadr\u017eaji nemaju titlove,<\/li>\n<li>audiomaterijali nemaju transkripte.<\/li>\n<\/ul>\n<p>Postoji dio grafi\u010dkih elemenata koje imaju tekstualni sadr\u017eaj, a nisu logotip.<\/p>\n<p>FER kontinuirano radi na uklanjanju uo\u010denih neuskla\u0111enosti i obrazovanju i savjetovanju korisnika koji imaju prava objave sadr\u017eaja.<\/p>\n<h4>Priprema ove izjave o pristupa\u010dnosti<\/h4>\n<p>Ova je izjava sastavljena 15. rujna 2020. godine, prema Predlo\u0161ku izjave o pristupa\u010dnosti koji je u skladu s Direktivom (EU) 2016\/2102 Europskog parlamenta i Vije\u0107a o pristupa\u010dnosti internetskih stranica i mobilnih aplikacija tijela javnog sektora, a utvr\u0111en je Provedbenom odlukom Komisije (EU) 2018\/1523.<\/p>\n<p>Procjena uskla\u0111enosti sa zahtjevima pristupa\u010dnosti rezultat je samoprocjene FER-a Izjava je zadnji put preispitana 3. kolovoza 2020. FER \u0107e redovito revidirati ovu izjavu po otklanjanju razloga zbog kojih su pojedini sadr\u017eaji bili nepristupa\u010dni.<\/p>\n<h4>Povratne informacije i podaci za kontakt<\/h4>\n<p>Molimo korisnike ovih mre\u017enih stranica da ako primijete neuskla\u0111en sadr\u017eaj, koji nije obuhva\u0107en ovom izjavom, o tome obavijeste FER.<\/p>\n<p>Sve upite vezane uz pristupa\u010dnost mre\u017enog sjedi\u0161ta FER-a korisnici mogu uputiti putem elektroni\u010dke po\u0161te: pristupacnost@fer.hr.<\/p>\n<h3>Postupak pra\u0107enja provedbe propisa<\/h3>\n<p>Povjerenik za informiranje Republike Hrvatske nadle\u017eno je tijelo za pra\u0107enje uskla\u0111enosti mre\u017enih stranica i programskih rje\u0161enja za pokretne ure\u0111aje tijela javnog sektora sa zahtjevima pristupa\u010dnosti kao i za nadzor nad provedbom Zakona.<\/p>\n<p>U slu\u010daju nezadovoljavaju\u0107ih odgovora na obavijest ili zahtjev za povratne informacije o pristupa\u010dnosti ovih mre\u017enih stranica, korisnici se mogu obratiti Povjereniku za informiranje elektroni\u010dkom po\u0161tom: pristupacnost@pristupinfo.hr.<\/p>\n","protected":false},"excerpt":{"rendered":"<p>Sveu\u010dili\u0161te u Zagrebu Fakultet elektrotehnike i ra\u010dunarstva (u daljnjem tekstu: FER) nastoji svoje mre\u017ene stranice u\u010diniti pristupa\u010dnima u skladu sa Zakonom o pristupa\u010dnosti mre\u017enih stranica i programskih rje\u0161enja za pokretne ure\u0111aje tijela javnog sektora Republike Hrvatske (\u201eNarodne novine\u201c, broj 17\/19; dalje u tekstu: Zakon) kojim se prenosi Direktiva (EU) 2016\/2102 Europskog parlamenta i Vije\u0107a od [&hellip;]<\/p>\n","protected":false},"author":1,"featured_media":0,"parent":2,"menu_order":0,"comment_status":"closed","ping_status":"closed","template":"","meta":{"_exactmetrics_skip_tracking":false,"_exactmetrics_sitenote_active":false,"_exactmetrics_sitenote_note":"","_exactmetrics_sitenote_category":0,"footnotes":""},"class_list":["post-863","page","type-page","status-publish","hentry"],"_links":{"self":[{"href":"https:\/\/ispravi.me\/info\/wp-json\/wp\/v2\/pages\/863","targetHints":{"allow":["GET"]}}],"collection":[{"href":"https:\/\/ispravi.me\/info\/wp-json\/wp\/v2\/pages"}],"about":[{"href":"https:\/\/ispravi.me\/info\/wp-json\/wp\/v2\/types\/page"}],"author":[{"embeddable":true,"href":"https:\/\/ispravi.me\/info\/wp-json\/wp\/v2\/users\/1"}],"replies":[{"embeddable":true,"href":"https:\/\/ispravi.me\/info\/wp-json\/wp\/v2\/comments?post=863"}],"version-history":[{"count":1,"href":"https:\/\/ispravi.me\/info\/wp-json\/wp\/v2\/pages\/863\/revisions"}],"predecessor-version":[{"id":864,"href":"https:\/\/ispravi.me\/info\/wp-json\/wp\/v2\/pages\/863\/revisions\/864"}],"up":[{"embeddable":true,"href":"https:\/\/ispravi.me\/info\/wp-json\/wp\/v2\/pages\/2"}],"wp:attachment":[{"href":"https:\/\/ispravi.me\/info\/wp-json\/wp\/v2\/media?parent=863"}],"curies":[{"name":"wp","href":"https:\/\/api.w.org\/{rel}","templated":true}]}}